{"id":61,"date":"2020-07-19T07:12:21","date_gmt":"2020-07-19T07:12:21","guid":{"rendered":"https:\/\/www.izavet.pl\/?page_id=61"},"modified":"2024-08-29T07:29:57","modified_gmt":"2024-08-29T07:29:57","slug":"uslugi","status":"publish","type":"page","link":"https:\/\/www.izavet.pl\/?page_id=61","title":{"rendered":"US\u0141UGI"},"content":{"rendered":"<p>[vc_section][vc_row][vc_column]<div  class=\"wpb_content_element   clearfix\"><style type=\"text\/css\">#ut_am_6a01ef05ac828 { opacity: 1; }#ut_am_wrap_6a01ef05ac829 .ut-image-gallery-item-caption-title h3 { letter-spacing: 0em; }#ut_am_wrap_6a01ef05ac829 .ut-gallery-slider-caption { font-weight: bold; }#ut_am_wrap_6a01ef05ac829 { text-align: center; }@media (min-width: 768px) and (max-width: 1024px) { #ut_am_wrap_6a01ef05ac829 { text-align: center !important; } }@media (max-width: 767px) { #ut_am_wrap_6a01ef05ac829 { text-align: center !important; } }<\/style><div id=\"ut_am_wrap_6a01ef05ac829\" class=\"ut-image-gallery-image \"><div id=\"ut_reveal_6a01ef05ac82a\"  data-appear-top-offset=\"auto\" class=\"ut-animated-image-item ut-image-gallery-item ut-animation-done \"><a class=\"ut-deactivated-link\" href=\"#\"><div class=\"ut-animated-image-zoom\"><img loading=\"lazy\" decoding=\"async\" class=\"ut-lazy skip-lazy ut-animated-image \"  id=\"ut_am_6a01ef05ac828\" src=\"data:image\/svg+xml;charset=utf-8,%3Csvg xmlns%3D'http%3A%2F%2Fwww.w3.org%2F2000%2Fsvg' viewBox%3D'0 0 1920 400'%2F%3E\" data-src=\"https:\/\/www.izavet.pl\/wp-content\/uploads\/2020\/07\/team-1.jpg\" width=\"1920\" height=\"400\" alt=\"\"\/><\/div><\/a><\/div><\/div><\/div>[\/vc_column][\/vc_row][vc_row][vc_column width=&#8221;1\/3&#8243;][vc_column_text]<\/p>\n<h1>Profilaktyka:<\/h1>\n<ul class=\"lista\">\n<li>Badanie kliniczne i ocena stanu zdrowia zwierz\u0119cia<\/li>\n<li>Wizyty kontrolne i okresowe badania<\/li>\n<li>Szczepienia<\/li>\n<li>Porady dotycz\u0105ce zachowania zwierz\u0105t<\/li>\n<li>Porady dietetyczne<\/li>\n<li>Specjalistyczne karmy weterynaryjne<\/li>\n<li>Profilaktyka przeciw paso\u017cytom wewn\u0119trznym oraz zewn\u0119trznym<\/li>\n<li>Chipowanie ps\u00f3w, kot\u00f3w, fretek<\/li>\n<li>Paszporty dla zwierz\u0105t<\/li>\n<li>Ksi\u0105\u017ceczki zdrowia<\/li>\n<li>Wykonywanie bada\u0144 przed wyjazdem z kraju<\/li>\n<li>Wydawanie \u015bwiadectwa zdrowia przed wystaw\u0105<\/li>\n<\/ul>\n<p>[\/vc_column_text][vc_column_text]<\/p>\n<h1>Zabiegi:<\/h1>\n<ul class=\"lista\">\n<li>Kastracja<\/li>\n<li>Sterylizacja<\/li>\n<li>Pomoc porodowa<\/li>\n<li>Cesarskie ci\u0119cie<\/li>\n<li>Chirurgia mi\u0119kka<\/li>\n<li>Chirurgia twarda \u2013 zabiegi ortopedyczne<\/li>\n<li>Chirurgia onkologiczna<\/li>\n<li>Chirurgia okulistyczna<\/li>\n<li>laparotomia<\/li>\n<li>Usuwanie kamienia naz\u0119bnego<\/li>\n<li>Ekstrakcja z\u0119b\u00f3w<\/li>\n<li>Korekcja wad wrodzonych oraz nabytych<\/li>\n<li>Usuwanie cia\u0142 obcych<\/li>\n<li>Rozszerzenie i skr\u0119t \u017co\u0142\u0105dka<\/li>\n<li>Szycie ran<\/li>\n<\/ul>\n<p>[\/vc_column_text][\/vc_column][vc_column width=&#8221;1\/3&#8243;][vc_column_text]<\/p>\n<h1>Diagnostyka:<\/h1>\n<ul class=\"lista\">\n<li>Badanie morfologiczne krwi<\/li>\n<li>Badanie biochemiczne krwi<\/li>\n<li>Ocena rozmazu krwi<\/li>\n<li>Badanie ka\u0142u<\/li>\n<li>Badanie moczu<\/li>\n<li>Wykonywanie i ocena zeskrobin sk\u00f3ry<\/li>\n<li>Wykonywanie wymaz\u00f3w<\/li>\n<li>Wykonywanie posiew\u00f3w &#8211; bakteriologia, mykologia wraz z antybiogramem<\/li>\n<li>Wykonywanie biopsji cienkoig\u0142owej oraz ocena cytologiczna pobranego materia\u0142u<\/li>\n<li>Badanie histopatologiczne (wysy\u0142anie materia\u0142u)<\/li>\n<li>Ultrasonografia \u2013 USG<\/li>\n<li>Rentgenografia \u2013RTG<\/li>\n<li>Diagnostyka chor\u00f3b zaka\u017anych \u2013 testy<\/li>\n<\/ul>\n<p>[\/vc_column_text][\/vc_column][vc_column width=&#8221;1\/3&#8243;][vc_column_text]<\/p>\n<h1>Konsultacje oraz leczenie specjalistyczne:<\/h1>\n<ul class=\"lista\">\n<li>Ortopedia<\/li>\n<li>Okulistyka<\/li>\n<li>Kardiologia<\/li>\n<li>Stomatologia<\/li>\n<li>Dermatologia<\/li>\n<li>Po\u0142o\u017cnictwo\/Rozr\u00f3d<\/li>\n<li>Neurologia<\/li>\n<li>Endokrynologia<\/li>\n<li>Gastroenterologia<\/li>\n<li>Geriatria<\/li>\n<li>Onkologia<\/li>\n<li>Pediatria<\/li>\n<li>Urologia<\/li>\n<\/ul>\n<p>[\/vc_column_text][\/vc_column][\/vc_row][\/vc_section]<\/p>\n","protected":false},"excerpt":{"rendered":"<p>[vc_section][vc_row][vc_column][\/vc_column][\/vc_row][vc_row][vc_column width=&#8221;1\/3&#8243;][vc_column_text] Profilaktyka: Badanie kliniczne i ocena stanu zdrowia zwierz\u0119cia Wizyty kontrolne i okresowe badania Szczepienia Porady dotycz\u0105ce zachowania zwierz\u0105t Porady dietetyczne Specjalistyczne karmy weterynaryjne Profilaktyka przeciw paso\u017cytom wewn\u0119trznym oraz zewn\u0119trznym Chipowanie ps\u00f3w, kot\u00f3w, fretek Paszporty dla zwierz\u0105t Ksi\u0105\u017ceczki zdrowia Wykonywanie bada\u0144 przed wyjazdem z kraju Wydawanie \u015bwiadectwa zdrowia przed wystaw\u0105 [\/vc_column_text][vc_column_text] Zabiegi: Kastracja Sterylizacja [&hellip;]<\/p>\n","protected":false},"author":1,"featured_media":0,"parent":0,"menu_order":0,"comment_status":"closed","ping_status":"closed","template":"","meta":{"footnotes":""},"class_list":["post-61","page","type-page","status-publish","hentry"],"_links":{"self":[{"href":"https:\/\/www.izavet.pl\/index.php?rest_route=\/wp\/v2\/pages\/61","targetHints":{"allow":["GET"]}}],"collection":[{"href":"https:\/\/www.izavet.pl\/index.php?rest_route=\/wp\/v2\/pages"}],"about":[{"href":"https:\/\/www.izavet.pl\/index.php?rest_route=\/wp\/v2\/types\/page"}],"author":[{"embeddable":true,"href":"https:\/\/www.izavet.pl\/index.php?rest_route=\/wp\/v2\/users\/1"}],"replies":[{"embeddable":true,"href":"https:\/\/www.izavet.pl\/index.php?rest_route=%2Fwp%2Fv2%2Fcomments&post=61"}],"version-history":[{"count":4,"href":"https:\/\/www.izavet.pl\/index.php?rest_route=\/wp\/v2\/pages\/61\/revisions"}],"predecessor-version":[{"id":112,"href":"https:\/\/www.izavet.pl\/index.php?rest_route=\/wp\/v2\/pages\/61\/revisions\/112"}],"wp:attachment":[{"href":"https:\/\/www.izavet.pl\/index.php?rest_route=%2Fwp%2Fv2%2Fmedia&parent=61"}],"curies":[{"name":"wp","href":"https:\/\/api.w.org\/{rel}","templated":true}]}}