{"id":64,"date":"2020-07-19T07:15:44","date_gmt":"2020-07-19T07:15:44","guid":{"rendered":"https:\/\/www.izavet.pl\/?page_id=64"},"modified":"2025-04-02T08:06:58","modified_gmt":"2025-04-02T08:06:58","slug":"zespol","status":"publish","type":"page","link":"https:\/\/www.izavet.pl\/?page_id=64","title":{"rendered":"Zesp\u00f3\u0142"},"content":{"rendered":"<p>[vc_section][vc_row][vc_column width=&#8221;1\/3&#8243;]<div class=\"wpb_content_element \"><style type=\"text\/css\">#ut_tm_6a01ed2fe01aa .bklyn5-team-member-social-icons a:hover { color: #ffbf00; }#ut_tm_6a01ed2fe01aa .bklyn5-team-member-social-icons a:focus { color: #ffbf00; }#ut_tm_6a01ed2fe01aa .bklyn5-team-member-social-icons a:active { color: #ffbf00; }<\/style><div id=\"ut_tm_6a01ed2fe01aa\" class=\"bklyn5-team-member bklyn5-team-member-style-3 bklyn5-team-member-left\"><div class=\"bklyn5-team-member-avatar\">\n        <img loading=\"lazy\" decoding=\"async\" data-adaptive-images=\"{&quot;300&quot;:&quot;https:\\\/\\\/www.izavet.pl\\\/wp-content\\\/uploads\\\/2024\\\/08\\\/P1020402d-720x867-1-300x200.jpg&quot;,&quot;500&quot;:&quot;https:\\\/\\\/www.izavet.pl\\\/wp-content\\\/uploads\\\/2024\\\/08\\\/P1020402d-720x867-1-500x333.jpg&quot;,&quot;750&quot;:&quot;https:\\\/\\\/www.izavet.pl\\\/wp-content\\\/uploads\\\/2024\\\/08\\\/P1020402d-720x867-1-750x500.jpg&quot;,&quot;1000&quot;:&quot;https:\\\/\\\/www.izavet.pl\\\/wp-content\\\/uploads\\\/2024\\\/08\\\/P1020402d-720x867-1-1000x667.jpg&quot;,&quot;1500&quot;:&quot;https:\\\/\\\/www.izavet.pl\\\/wp-content\\\/uploads\\\/2024\\\/08\\\/P1020402d-720x867-1-1500x1000.jpg&quot;,&quot;2500&quot;:&quot;https:\\\/\\\/www.izavet.pl\\\/wp-content\\\/uploads\\\/2024\\\/08\\\/P1020402d-720x867-1-2500x1667.jpg&quot;}\" src=\"data:image\/svg+xml;charset=utf-8,%3Csvg xmlns%3D&#039;http%3A%2F%2Fwww.w3.org%2F2000%2Fsvg&#039; viewBox%3D&#039;0 0 1500 1000&#039;%2F%3E\" width=\"1500\" height=\"1000\" data-src=\"https:\/\/www.izavet.pl\/wp-content\/uploads\/2024\/08\/P1020402d-720x867-1-1500x1000.jpg\" data-image-id=\"105\" class=\"ut-adaptive-image wp-post-image skip-lazy \">\n\n        <\/div><div class=\"bklyn5-team-member-overlay\"><div class=\"bklyn5-team-member-overlay-caption\"><div class=\"bklyn5-team-member-info\"><h3 class=\"bklyn5-team-member-name\">lek. wet. Maciej Pawulski<\/h3><div class=\"bklyn5-team-member-ocupation\">specjalista chirurg specjalista chor\u00f3b ps\u00f3w i kot\u00f3w specjalista chor\u00f3b owad\u00f3w u\u017cytkowych Maciek uko\u0144czy\u0142 studia w 2005r. na Akademii Rolniczej we Wroc\u0142awiu. Posiada liczne specjalizacje oraz ogromn\u0105 wiedz\u0119, kt\u00f3r\u0105 z ch\u0119ci\u0105 przekazuj\u0119 swoim pracownikom. Jego najwi\u0119kszym zainteresowaniem jest chirurgia, a w szczeg\u00f3lno\u015bci mikrochirurgia - okulistyka oraz neurochirurgia. Posiada wiedz\u0119 z zakresu chor\u00f3b owad\u00f3w u\u017cytkowych, a do\u015bwiadczenie zdobywa dbaj\u0105c o swoje w\u0142asne pszczo\u0142y. Jest w\u0142a\u015bcicielem dw\u00f3ch zwierzak\u00f3w: psa Czaka i kota Myrcbauma. Praca sprawia mu du\u017c\u0105 rado\u015b\u0107 i przynosi ogromn\u0105 satysfakcje, a dzi\u0119ki tej pasji nie ma dla niego rzeczy niemo\u017cliwych. Jest szcz\u0119\u015bliwym m\u0119\u017cem oraz dumnym tat\u0105 Kalinki i Frania. W wolnych chwilach pasjonat kajakarstwa g\u00f3rskiego, uczestnik licznych wyjazd\u00f3w i wypraw kajakowych, a tak\u017ce wypraw g\u00f3rskich zw\u0142aszcza zim\u0105. Do jego licznych zainteresowa\u0144 nale\u017c\u0105 tak\u017ce rajdy samochodowe.<\/div><\/div><\/div><\/div><\/div><\/div>[\/vc_column][vc_column width=&#8221;1\/3&#8243;]<div class=\"wpb_content_element \"><style type=\"text\/css\">#ut_tm_6a01ed2fee6a1 .bklyn5-team-member-social-icons a:hover { color: #ffbf00; }#ut_tm_6a01ed2fee6a1 .bklyn5-team-member-social-icons a:focus { color: #ffbf00; }#ut_tm_6a01ed2fee6a1 .bklyn5-team-member-social-icons a:active { color: #ffbf00; }<\/style><div id=\"ut_tm_6a01ed2fee6a1\" class=\"bklyn5-team-member bklyn5-team-member-style-3 bklyn5-team-member-left\"><div class=\"bklyn5-team-member-avatar\">\n        <img loading=\"lazy\" decoding=\"async\" data-adaptive-images=\"{&quot;300&quot;:&quot;https:\\\/\\\/www.izavet.pl\\\/wp-content\\\/uploads\\\/2024\\\/08\\\/P1020402-720x867-1-300x200.jpg&quot;,&quot;500&quot;:&quot;https:\\\/\\\/www.izavet.pl\\\/wp-content\\\/uploads\\\/2024\\\/08\\\/P1020402-720x867-1-500x333.jpg&quot;,&quot;750&quot;:&quot;https:\\\/\\\/www.izavet.pl\\\/wp-content\\\/uploads\\\/2024\\\/08\\\/P1020402-720x867-1-750x500.jpg&quot;,&quot;1000&quot;:&quot;https:\\\/\\\/www.izavet.pl\\\/wp-content\\\/uploads\\\/2024\\\/08\\\/P1020402-720x867-1-1000x667.jpg&quot;,&quot;1500&quot;:&quot;https:\\\/\\\/www.izavet.pl\\\/wp-content\\\/uploads\\\/2024\\\/08\\\/P1020402-720x867-1-1500x1000.jpg&quot;,&quot;2500&quot;:&quot;https:\\\/\\\/www.izavet.pl\\\/wp-content\\\/uploads\\\/2024\\\/08\\\/P1020402-720x867-1-2500x1667.jpg&quot;}\" src=\"data:image\/svg+xml;charset=utf-8,%3Csvg xmlns%3D&#039;http%3A%2F%2Fwww.w3.org%2F2000%2Fsvg&#039; viewBox%3D&#039;0 0 1500 1000&#039;%2F%3E\" width=\"1500\" height=\"1000\" data-src=\"https:\/\/www.izavet.pl\/wp-content\/uploads\/2024\/08\/P1020402-720x867-1-1500x1000.jpg\" data-image-id=\"106\" class=\"ut-adaptive-image wp-post-image skip-lazy \">\n\n        <\/div><div class=\"bklyn5-team-member-overlay\"><div class=\"bklyn5-team-member-overlay-caption\"><div class=\"bklyn5-team-member-info\"><h3 class=\"bklyn5-team-member-name\">Kinga Radli\u0144ska<\/h3><div class=\"bklyn5-team-member-ocupation\">Kinga Radli\u0144ska, mgr in\u017c. zootechniki. Kinga uko\u0144czy\u0142a studia na kierunku zootechnika w 2021r. , a obecnie szkoli si\u0119 w zakresie fizjoterapii zwierz\u0105t. W Przychodni opiekuje si\u0119 zwierz\u0119tami, a tak\u017ce rehabilituje pacjent\u00f3w ortopedycznych, neurologicznych czy geriatrycznych. Jest w\u0142a\u015bcicielk\u0105 suczki Pere\u0142ki oraz kotki Psotki. Jej pasj\u0105 s\u0105 g\u00f3rskie w\u0119dr\u00f3wki oraz pieczenie ciast, kt\u00f3rymi raczy wsp\u00f3\u0142pracownik\u00f3w, Wolne chwile lubi sp\u0119dza\u0107 pracuj\u0105c w ogrodzie.<\/div><\/div><\/div><\/div><\/div><\/div>[\/vc_column][vc_column width=&#8221;1\/3&#8243;]<div class=\"wpb_content_element \"><style type=\"text\/css\">#ut_tm_6a01ed3042b13 .bklyn5-team-member-social-icons a:hover { color: #ffbf00; }#ut_tm_6a01ed3042b13 .bklyn5-team-member-social-icons a:focus { color: #ffbf00; }#ut_tm_6a01ed3042b13 .bklyn5-team-member-social-icons a:active { color: #ffbf00; }<\/style><div id=\"ut_tm_6a01ed3042b13\" class=\"bklyn5-team-member bklyn5-team-member-style-3 bklyn5-team-member-left\"><div class=\"bklyn5-team-member-avatar\">\n        <img loading=\"lazy\" decoding=\"async\" data-adaptive-images=\"{&quot;300&quot;:&quot;https:\\\/\\\/www.izavet.pl\\\/wp-content\\\/uploads\\\/2024\\\/08\\\/P1020402c-720x867-1-300x200.jpg&quot;,&quot;500&quot;:&quot;https:\\\/\\\/www.izavet.pl\\\/wp-content\\\/uploads\\\/2024\\\/08\\\/P1020402c-720x867-1-500x333.jpg&quot;,&quot;750&quot;:&quot;https:\\\/\\\/www.izavet.pl\\\/wp-content\\\/uploads\\\/2024\\\/08\\\/P1020402c-720x867-1-750x500.jpg&quot;,&quot;1000&quot;:&quot;https:\\\/\\\/www.izavet.pl\\\/wp-content\\\/uploads\\\/2024\\\/08\\\/P1020402c-720x867-1-1000x667.jpg&quot;,&quot;1500&quot;:&quot;https:\\\/\\\/www.izavet.pl\\\/wp-content\\\/uploads\\\/2024\\\/08\\\/P1020402c-720x867-1-1500x1000.jpg&quot;,&quot;2500&quot;:&quot;https:\\\/\\\/www.izavet.pl\\\/wp-content\\\/uploads\\\/2024\\\/08\\\/P1020402c-720x867-1-2500x1667.jpg&quot;}\" src=\"data:image\/svg+xml;charset=utf-8,%3Csvg xmlns%3D&#039;http%3A%2F%2Fwww.w3.org%2F2000%2Fsvg&#039; viewBox%3D&#039;0 0 1500 1000&#039;%2F%3E\" width=\"1500\" height=\"1000\" data-src=\"https:\/\/www.izavet.pl\/wp-content\/uploads\/2024\/08\/P1020402c-720x867-1-1500x1000.jpg\" data-image-id=\"108\" class=\"ut-adaptive-image wp-post-image skip-lazy \">\n\n        <\/div><div class=\"bklyn5-team-member-overlay\"><div class=\"bklyn5-team-member-overlay-caption\"><div class=\"bklyn5-team-member-info\"><h3 class=\"bklyn5-team-member-name\">lek. wet. Sylwia Kukla<\/h3><div class=\"bklyn5-team-member-ocupation\">Absolwentka wydzia\u0142u Medycyny Weterynaryjnej Uniwersytetu Przyrodniczego w Lublinie. Jej przygoda z opiek\u0105 nad zwierz\u0119tami rozpocz\u0119\u0142a si\u0119 jeszcze na studiach, gdy odbywa\u0142a sta\u017ce internistyczne i kardiologiczne. Podczas ich trwania zdobywa\u0142a pierwsze do\u015bwiadczenia w leczeniu ps\u00f3w i kot\u00f3w. Jej prawdziw\u0105 pasj\u0105 jest kardiologia weterynaryjna, w kierunku kt\u00f3rej nieustannie rozwija swoje umiej\u0119tno\u015bci. Prywatnie jest dumn\u0105 w\u0142a\u015bcicielk\u0105 kota brytyjskiego o imieniu Prezes, kt\u00f3ry jest dla niej nie tylko towarzyszem, ale tak\u017ce inspiracj\u0105 do doskonalenia swojej wiedzy weterynaryjnej. W wolnych chwilach, kt\u00f3rych nie sp\u0119dza na dokszta\u0142caniu si\u0119, oddaje si\u0119 swoim pasjom, takim jak czytanie ksi\u0105\u017cek, gotowanie i podr\u00f3\u017cowanie.<\/div><\/div><\/div><\/div><\/div><\/div>[\/vc_column][\/vc_row][\/vc_section]<\/p>\n","protected":false},"excerpt":{"rendered":"<p>[vc_section][vc_row][vc_column width=&#8221;1\/3&#8243;][\/vc_column][vc_column width=&#8221;1\/3&#8243;][\/vc_column][vc_column width=&#8221;1\/3&#8243;][\/vc_column][\/vc_row][\/vc_section]<\/p>\n","protected":false},"author":1,"featured_media":0,"parent":0,"menu_order":0,"comment_status":"closed","ping_status":"closed","template":"","meta":{"footnotes":""},"class_list":["post-64","page","type-page","status-publish","hentry"],"_links":{"self":[{"href":"https:\/\/www.izavet.pl\/index.php?rest_route=\/wp\/v2\/pages\/64","targetHints":{"allow":["GET"]}}],"collection":[{"href":"https:\/\/www.izavet.pl\/index.php?rest_route=\/wp\/v2\/pages"}],"about":[{"href":"https:\/\/www.izavet.pl\/index.php?rest_route=\/wp\/v2\/types\/page"}],"author":[{"embeddable":true,"href":"https:\/\/www.izavet.pl\/index.php?rest_route=\/wp\/v2\/users\/1"}],"replies":[{"embeddable":true,"href":"https:\/\/www.izavet.pl\/index.php?rest_route=%2Fwp%2Fv2%2Fcomments&post=64"}],"version-history":[{"count":9,"href":"https:\/\/www.izavet.pl\/index.php?rest_route=\/wp\/v2\/pages\/64\/revisions"}],"predecessor-version":[{"id":125,"href":"https:\/\/www.izavet.pl\/index.php?rest_route=\/wp\/v2\/pages\/64\/revisions\/125"}],"wp:attachment":[{"href":"https:\/\/www.izavet.pl\/index.php?rest_route=%2Fwp%2Fv2%2Fmedia&parent=64"}],"curies":[{"name":"wp","href":"https:\/\/api.w.org\/{rel}","templated":true}]}}